{"id":5871,"date":"2023-11-15T10:20:56","date_gmt":"2023-11-15T13:20:56","guid":{"rendered":"https:\/\/salivapi.com.br\/edicao2025\/?page_id=5871"},"modified":"2025-10-15T09:25:21","modified_gmt":"2025-10-15T12:25:21","slug":"programacao-cultural-saliva","status":"publish","type":"page","link":"https:\/\/salivapi.com.br\/edicao2025\/programacao-cultural-saliva\/","title":{"rendered":"Programa\u00e7\u00e3o Cultural"},"content":{"rendered":"\t\t<div data-elementor-type=\"wp-page\" data-elementor-id=\"5871\" class=\"elementor elementor-5871\" data-elementor-post-type=\"page\">\n\t\t\t\t<div class=\"elementor-element elementor-element-8874faf e-flex e-con-boxed e-con e-parent\" data-id=\"8874faf\" data-element_type=\"container\">\n\t\t\t\t\t<div class=\"e-con-inner\">\n\t\t\t\t<div class=\"elementor-element elementor-element-af8d203 elementor-widget elementor-widget-text-editor\" data-id=\"af8d203\" data-element_type=\"widget\" data-widget_type=\"text-editor.default\">\n\t\t\t\t<div class=\"elementor-widget-container\">\n\t\t\t\t\t\t\t\t\t<p>Descubra os incr\u00edveis momentos liter\u00e1rios, palestras, atividades culturais e muito mais que o 14\u00ba SALIVAPI tem a oferecer.<\/p>\t\t\t\t\t\t\t\t<\/div>\n\t\t\t\t<\/div>\n\t\t\t\t<div class=\"elementor-element elementor-element-ab84888 elementor-widget-divider--view-line_text elementor-widget-divider--element-align-center elementor-widget elementor-widget-divider\" data-id=\"ab84888\" data-element_type=\"widget\" data-widget_type=\"divider.default\">\n\t\t\t\t<div class=\"elementor-widget-container\">\n\t\t\t\t\t\t\t<div class=\"elementor-divider\">\n\t\t\t<span class=\"elementor-divider-separator\">\n\t\t\t\t\t\t\t<span class=\"elementor-divider__text elementor-divider__element\">\n\t\t\t\tPALESTRAS\t\t\t\t<\/span>\n\t\t\t\t\t\t<\/span>\n\t\t<\/div>\n\t\t\t\t\t\t<\/div>\n\t\t\t\t<\/div>\n\t\t\t\t<div class=\"elementor-element elementor-element-3919ea0 elementor-widget elementor-widget-text-editor\" data-id=\"3919ea0\" data-element_type=\"widget\" data-widget_type=\"text-editor.default\">\n\t\t\t\t<div class=\"elementor-widget-container\">\n\t\t\t\t\t\t\t\t\t<p>EM ATUALIZA\u00c7\u00c3O<\/p>\t\t\t\t\t\t\t\t<\/div>\n\t\t\t\t<\/div>\n\t\t\t\t<div class=\"elementor-element elementor-element-a149977 elementor-widget-divider--view-line_text elementor-widget-divider--element-align-center elementor-widget elementor-widget-divider\" data-id=\"a149977\" data-element_type=\"widget\" data-widget_type=\"divider.default\">\n\t\t\t\t<div class=\"elementor-widget-container\">\n\t\t\t\t\t\t\t<div class=\"elementor-divider\">\n\t\t\t<span class=\"elementor-divider-separator\">\n\t\t\t\t\t\t\t<span class=\"elementor-divider__text elementor-divider__element\">\n\t\t\t\tSEMIN\u00c1RIO DE EDUCA\u00c7\u00c3O\t\t\t\t<\/span>\n\t\t\t\t\t\t<\/span>\n\t\t<\/div>\n\t\t\t\t\t\t<\/div>\n\t\t\t\t<\/div>\n\t\t\t\t<div class=\"elementor-element elementor-element-cd319c6 elementor-widget elementor-widget-n-accordion\" data-id=\"cd319c6\" data-element_type=\"widget\" data-settings=\"{&quot;default_state&quot;:&quot;all_collapsed&quot;,&quot;max_items_expended&quot;:&quot;one&quot;,&quot;n_accordion_animation_duration&quot;:{&quot;unit&quot;:&quot;ms&quot;,&quot;size&quot;:400,&quot;sizes&quot;:[]}}\" data-widget_type=\"nested-accordion.default\">\n\t\t\t\t<div class=\"elementor-widget-container\">\n\t\t\t\t\t\t\t<div class=\"e-n-accordion\" aria-label=\"Accordion. Open links with Enter or Space, close with Escape, and navigate with Arrow Keys\">\n\t\t\t\t\t\t<details id=\"e-n-accordion-item-2150\" class=\"e-n-accordion-item\" >\n\t\t\t\t<summary class=\"e-n-accordion-item-title\" data-accordion-index=\"1\" tabindex=\"0\" aria-expanded=\"false\" aria-controls=\"e-n-accordion-item-2150\" >\n\t\t\t\t\t<span class='e-n-accordion-item-title-header'><div class=\"e-n-accordion-item-title-text\"> Dia 16 - Quinta <\/div><\/span>\n\t\t\t\t\t\t\t<span class='e-n-accordion-item-title-icon'>\n\t\t\t<span class='e-opened' ><i aria-hidden=\"true\" class=\"fas fa-minus\"><\/i><\/span>\n\t\t\t<span class='e-closed'><i aria-hidden=\"true\" class=\"fas fa-plus\"><\/i><\/span>\n\t\t<\/span>\n\n\t\t\t\t\t\t<\/summary>\n\t\t\t\t<div role=\"region\" aria-labelledby=\"e-n-accordion-item-2150\" class=\"elementor-element elementor-element-f6eaf5b e-con-full e-flex e-con e-child\" data-id=\"f6eaf5b\" data-element_type=\"container\">\n\t\t\t\t<div class=\"elementor-element elementor-element-7cc1248 elementor-widget elementor-widget-text-editor\" data-id=\"7cc1248\" data-element_type=\"widget\" data-widget_type=\"text-editor.default\">\n\t\t\t\t<div class=\"elementor-widget-container\">\n\t\t\t\t\t\t\t\t\t<h3 data-start=\"1551\" data-end=\"1591\"><strong data-start=\"1555\" data-end=\"1591\">\ud83d\uddd3\ufe0f Quinta-feira \u2013 16 de outubro<\/strong><\/h3><p data-start=\"1593\" data-end=\"1665\"><strong data-start=\"1593\" data-end=\"1636\">14h \u2013 Abertura do Semin\u00e1rio de Educa\u00e7\u00e3o<\/strong><br data-start=\"1636\" data-end=\"1639\" \/>Acolhida com <strong data-start=\"1652\" data-end=\"1665\">Z\u00e9 Nilson<\/strong><\/p><p data-start=\"1667\" data-end=\"2135\"><strong data-start=\"1667\" data-end=\"1755\">14h30 \u2013 Palestra: \u201cDo tradicional ao digital: a jornada do professor na era digital\u201d<\/strong><br data-start=\"1755\" data-end=\"1758\" \/><strong data-start=\"1758\" data-end=\"1774\">Palestrante:<\/strong> <em data-start=\"1775\" data-end=\"1793\">Gis Bezerra (PR)<\/em> \u2013 @giscomgizmatematica<br data-start=\"1816\" data-end=\"1819\" \/>Gisleine Bezerra, conhecida como <strong data-start=\"1852\" data-end=\"1867\">Gis com Giz<\/strong>, \u00e9 professora e mestra em Educa\u00e7\u00e3o Matem\u00e1tica. Criadora do canal no YouTube <em data-start=\"1944\" data-end=\"1957\">Gis com Giz<\/em>, transformou o ensino da matem\u00e1tica com uma metodologia criativa e acess\u00edvel. Sua trajet\u00f3ria \u00e9 exemplo de como paix\u00e3o pela educa\u00e7\u00e3o e tecnologia podem transformar o aprendizado.<\/p><p data-start=\"2137\" data-end=\"2456\"><strong data-start=\"2137\" data-end=\"2181\">16h30 \u2013 Show de humor com Selma de Ni\u00eata<\/strong><br data-start=\"2181\" data-end=\"2184\" \/>Personagem criada pelo humorista cearense <strong data-start=\"2226\" data-end=\"2240\">Jorge Luiz<\/strong>, Selma de Ni\u00eata \u00e9 sucesso nas redes sociais com o bord\u00e3o \u201cDeixe ela!\u201d. O show aborda com humor a rotina dos professores e encerra o primeiro dia com descontra\u00e7\u00e3o e reflex\u00e3o.<br data-start=\"2414\" data-end=\"2417\" \/>\ud83d\udc49 Ap\u00f3s o show, haver\u00e1 sess\u00e3o de fotos.<\/p><hr data-start=\"2458\" data-end=\"2461\" \/><p><a href=\"https:\/\/salivapi.com.br\/edicao2025\/wp-content\/uploads\/2025\/10\/PROGRAMACAO-SALIVA-SEMINARIO-DE-EDUCACAO.pdf\">CLIQUE AQUI E VEJA A PROGRAMA\u00c7\u00c3O COMPLETA<\/a><\/p>\t\t\t\t\t\t\t\t<\/div>\n\t\t\t\t<\/div>\n\t\t\t\t<\/div>\n\t\t\t\t\t<\/details>\n\t\t\t\t\t\t<details id=\"e-n-accordion-item-2151\" class=\"e-n-accordion-item\" >\n\t\t\t\t<summary class=\"e-n-accordion-item-title\" data-accordion-index=\"2\" tabindex=\"-1\" aria-expanded=\"false\" aria-controls=\"e-n-accordion-item-2151\" >\n\t\t\t\t\t<span class='e-n-accordion-item-title-header'><div class=\"e-n-accordion-item-title-text\"> Dia 17 - Sexta <\/div><\/span>\n\t\t\t\t\t\t\t<span class='e-n-accordion-item-title-icon'>\n\t\t\t<span class='e-opened' ><i aria-hidden=\"true\" class=\"fas fa-minus\"><\/i><\/span>\n\t\t\t<span class='e-closed'><i aria-hidden=\"true\" class=\"fas fa-plus\"><\/i><\/span>\n\t\t<\/span>\n\n\t\t\t\t\t\t<\/summary>\n\t\t\t\t<div role=\"region\" aria-labelledby=\"e-n-accordion-item-2151\" class=\"elementor-element elementor-element-7f29108 e-con-full e-flex e-con e-child\" data-id=\"7f29108\" data-element_type=\"container\">\n\t\t\t\t<div class=\"elementor-element elementor-element-1ea9e41 elementor-widget elementor-widget-text-editor\" data-id=\"1ea9e41\" data-element_type=\"widget\" data-widget_type=\"text-editor.default\">\n\t\t\t\t<div class=\"elementor-widget-container\">\n\t\t\t\t\t\t\t\t\t<h3 data-start=\"2463\" data-end=\"2502\"><strong data-start=\"2467\" data-end=\"2502\">\ud83d\uddd3\ufe0f Sexta-feira \u2013 17 de outubro<\/strong><\/h3><p data-start=\"2504\" data-end=\"2541\"><strong data-start=\"2504\" data-end=\"2541\">14h \u2013 Acolhida com Carlos Ten\u00f3rio<\/strong><\/p><p data-start=\"2543\" data-end=\"2861\"><strong data-start=\"2543\" data-end=\"2607\">14h30 \u2013 Bate-papo com o poeta e escritor Wanderson Lima (PI)<\/strong><br data-start=\"2607\" data-end=\"2610\" \/><strong data-start=\"2610\" data-end=\"2623\">Media\u00e7\u00e3o:<\/strong> <em data-start=\"2624\" data-end=\"2651\">Adriano Lob\u00e3o Arag\u00e3o (PI)<\/em><br data-start=\"2651\" data-end=\"2654\" \/>O encontro discutir\u00e1 as rela\u00e7\u00f5es entre mito, literatura e cinema, a partir da trajet\u00f3ria liter\u00e1ria de Wanderson Lima, autor de <em data-start=\"2781\" data-end=\"2792\">Palin\u00f3dia<\/em> (El\u00e3, 2021) e <em data-start=\"2807\" data-end=\"2842\">Ensaios sobre literatura e cinema<\/em> (Horizonte, 2019).<\/p><p data-start=\"2863\" data-end=\"3192\"><strong data-start=\"2863\" data-end=\"2906\">15h30 \u2013 Palestra: \u201cQuem \u00e9 o Professor?\u201d<\/strong><br data-start=\"2906\" data-end=\"2909\" \/><strong data-start=\"2909\" data-end=\"2925\">Palestrante:<\/strong> <em data-start=\"2926\" data-end=\"2949\">Luiz Romero Lima (PI)<\/em><br data-start=\"2949\" data-end=\"2952\" \/>Professor, editor e pesquisador, Luiz Romero \u00e9 fundador do <strong data-start=\"3011\" data-end=\"3047\">SaLiPi \u2013 Sal\u00e3o do Livro do Piau\u00ed<\/strong> e autor de diversas obras did\u00e1ticas e liter\u00e1rias. Na palestra, reflete sobre a identidade, os desafios e as transforma\u00e7\u00f5es da profiss\u00e3o docente.<\/p><p data-start=\"3194\" data-end=\"3601\"><strong data-start=\"3194\" data-end=\"3277\">16h30 \u2013 Palestra: \u201cLiteratura para a inf\u00e2ncia: temas pol\u00eamicos e narra\u00e7\u00e3o oral\u201d<\/strong><br data-start=\"3277\" data-end=\"3280\" \/><strong data-start=\"3280\" data-end=\"3296\">Palestrante:<\/strong> <em data-start=\"3297\" data-end=\"3318\">Cleber Fabiano (RS)<\/em><br data-start=\"3318\" data-end=\"3321\" \/>Doutor e Mestre em Educa\u00e7\u00e3o, Cleber Fabiano \u00e9 membro da <strong data-start=\"3377\" data-end=\"3434\">Academia Brasileira de Contadores de Hist\u00f3rias (ABCH)<\/strong>. Atuando como palestrante em diversos pa\u00edses, discute os limites e possibilidades da literatura infantil e juvenil, defendendo o poder transformador da narra\u00e7\u00e3o oral.<\/p><p><a href=\"https:\/\/salivapi.com.br\/edicao2025\/wp-content\/uploads\/2025\/10\/PROGRAMACAO-SALIVA-SEMINARIO-DE-EDUCACAO.pdf\">CLIQUE AQUI E VEJA A PROGRAMA\u00c7\u00c3O COMPLETA<\/a><\/p>\t\t\t\t\t\t\t\t<\/div>\n\t\t\t\t<\/div>\n\t\t\t\t<\/div>\n\t\t\t\t\t<\/details>\n\t\t\t\t\t\t<details id=\"e-n-accordion-item-2152\" class=\"e-n-accordion-item\" >\n\t\t\t\t<summary class=\"e-n-accordion-item-title\" data-accordion-index=\"3\" tabindex=\"-1\" aria-expanded=\"false\" aria-controls=\"e-n-accordion-item-2152\" >\n\t\t\t\t\t<span class='e-n-accordion-item-title-header'><div class=\"e-n-accordion-item-title-text\"> Dia 18 - S\u00e1bado <\/div><\/span>\n\t\t\t\t\t\t\t<span class='e-n-accordion-item-title-icon'>\n\t\t\t<span class='e-opened' ><i aria-hidden=\"true\" class=\"fas fa-minus\"><\/i><\/span>\n\t\t\t<span class='e-closed'><i aria-hidden=\"true\" class=\"fas fa-plus\"><\/i><\/span>\n\t\t<\/span>\n\n\t\t\t\t\t\t<\/summary>\n\t\t\t\t<div role=\"region\" aria-labelledby=\"e-n-accordion-item-2152\" class=\"elementor-element elementor-element-ca8f2a8 e-con-full e-flex e-con e-child\" data-id=\"ca8f2a8\" data-element_type=\"container\">\n\t\t\t\t<div class=\"elementor-element elementor-element-b43ac10 elementor-widget elementor-widget-text-editor\" data-id=\"b43ac10\" data-element_type=\"widget\" data-widget_type=\"text-editor.default\">\n\t\t\t\t<div class=\"elementor-widget-container\">\n\t\t\t\t\t\t\t\t\t<p data-start=\"3194\" data-end=\"3601\">\u00a0<\/p><h3 data-start=\"3608\" data-end=\"3642\"><strong data-start=\"3612\" data-end=\"3642\">\ud83d\uddd3\ufe0f S\u00e1bado \u2013 18 de outubro<\/strong><\/h3><p data-start=\"3644\" data-end=\"3681\"><strong data-start=\"3644\" data-end=\"3681\">14h \u2013 Acolhida com Fernando Rocha<\/strong><\/p><p data-start=\"3683\" data-end=\"3998\"><strong data-start=\"3683\" data-end=\"3786\">14h30 \u2013 Palestra: \u201cEducar com IA ou se educar para a IA? O futuro dos jovens nesta desafiante era!\u201d<\/strong><br data-start=\"3786\" data-end=\"3789\" \/><strong data-start=\"3789\" data-end=\"3805\">Palestrante:<\/strong> <em data-start=\"3806\" data-end=\"3833\">Dr. Marcelo Mesquita (SP)<\/em><br data-start=\"3833\" data-end=\"3836\" \/>Juiz de direito e pesquisador, Marcelo Mesquita analisa o impacto da intelig\u00eancia artificial na forma\u00e7\u00e3o humana e os desafios \u00e9ticos e pedag\u00f3gicos dessa nova era.<\/p><p data-start=\"4000\" data-end=\"4402\"><strong data-start=\"4000\" data-end=\"4121\">16h \u2013 Palestra: \u201cNeurodiversidade na Escola: princ\u00edpios b\u00e1sicos da inclus\u00e3o, adapta\u00e7\u00f5es, acomoda\u00e7\u00f5es e comportamento\u201d<\/strong><br data-start=\"4121\" data-end=\"4124\" \/><strong data-start=\"4124\" data-end=\"4140\">Palestrante:<\/strong> <em data-start=\"4141\" data-end=\"4183\">Maria Dalila da Costa Soares Fran\u00e7a (PI)<\/em><br data-start=\"4183\" data-end=\"4186\" \/>Pedagoga e especialista em Educa\u00e7\u00e3o Especial e Inclusiva, Maria Dalila compartilha pr\u00e1ticas de inclus\u00e3o, estrat\u00e9gias para acolhimento de alunos neurodivergentes e experi\u00eancias vividas como profissional e m\u00e3e at\u00edpica.<\/p><p><a href=\"https:\/\/salivapi.com.br\/edicao2025\/wp-content\/uploads\/2025\/10\/PROGRAMACAO-SALIVA-SEMINARIO-DE-EDUCACAO.pdf\">CLIQUE AQUI E VEJA A PROGRAMA\u00c7\u00c3O COMPLETA<\/a><\/p><p>\u00a0<\/p>\t\t\t\t\t\t\t\t<\/div>\n\t\t\t\t<\/div>\n\t\t\t\t<\/div>\n\t\t\t\t\t<\/details>\n\t\t\t\t\t<\/div>\n\t\t\t\t\t\t<\/div>\n\t\t\t\t<\/div>\n\t\t\t\t<div class=\"elementor-element elementor-element-13796c5 elementor-widget elementor-widget-text-editor\" data-id=\"13796c5\" data-element_type=\"widget\" data-widget_type=\"text-editor.default\">\n\t\t\t\t<div class=\"elementor-widget-container\">\n\t\t\t\t\t\t\t\t\t<p data-start=\"553\" data-end=\"828\">O <strong data-start=\"555\" data-end=\"631\">Semin\u00e1rio de Educa\u00e7\u00e3o do 14\u00ba Sal\u00e3o do Livro de Valen\u00e7a do Piau\u00ed (SALIVA)<\/strong> reunir\u00e1 professores e profissionais da \u00e1rea da educa\u00e7\u00e3o em uma programa\u00e7\u00e3o especial voltada \u00e0 forma\u00e7\u00e3o docente e ao di\u00e1logo sobre os desafios contempor\u00e2neos do ensino.<\/p><p data-start=\"830\" data-end=\"1157\">O evento acontecer\u00e1 de <strong data-start=\"853\" data-end=\"875\">16 a 18 de outubro<\/strong>, durante as tardes do SALIVA, e contar\u00e1 com palestras, bate-papos e momentos de acolhida com nomes reconhecidos nacionalmente e regionalmente, que abordar\u00e3o temas como tecnologia educacional, neurodiversidade, literatura infantil e o papel do professor no mundo em transforma\u00e7\u00e3o.<\/p><p data-start=\"1159\" data-end=\"1315\">Com uma proposta formativa e inspiradora, o Semin\u00e1rio busca fortalecer a pr\u00e1tica pedag\u00f3gica e valorizar o papel do educador como agente de mudan\u00e7a social. Veja a programa\u00e7\u00e3o!<\/p>\t\t\t\t\t\t\t\t<\/div>\n\t\t\t\t<\/div>\n\t\t\t\t\t<\/div>\n\t\t\t\t<\/div>\n\t\t<div class=\"elementor-element elementor-element-3504f26 e-con-full e-flex e-con e-parent\" data-id=\"3504f26\" data-element_type=\"container\" data-settings=\"{&quot;background_background&quot;:&quot;classic&quot;}\">\n\t\t\t\t<div class=\"elementor-element elementor-element-4a934d3 elementor-widget-divider--view-line_text elementor-widget-divider--element-align-center elementor-widget elementor-widget-divider\" data-id=\"4a934d3\" data-element_type=\"widget\" data-widget_type=\"divider.default\">\n\t\t\t\t<div class=\"elementor-widget-container\">\n\t\t\t\t\t\t\t<div class=\"elementor-divider\">\n\t\t\t<span class=\"elementor-divider-separator\">\n\t\t\t\t\t\t\t<span class=\"elementor-divider__text elementor-divider__element\">\n\t\t\t\tSHOWS\t\t\t\t<\/span>\n\t\t\t\t\t\t<\/span>\n\t\t<\/div>\n\t\t\t\t\t\t<\/div>\n\t\t\t\t<\/div>\n\t\t\t\t<div class=\"elementor-element elementor-element-2e97487 elementor-widget elementor-widget-text-editor\" data-id=\"2e97487\" data-element_type=\"widget\" data-widget_type=\"text-editor.default\">\n\t\t\t\t<div class=\"elementor-widget-container\">\n\t\t\t\t\t\t\t\t\t<p>EM ATUALIZA\u00c7\u00c3O<\/p>\t\t\t\t\t\t\t\t<\/div>\n\t\t\t\t<\/div>\n\t\t\t\t<\/div>\n\t\t\t\t<\/div>\n\t\t","protected":false},"excerpt":{"rendered":"<p>Descubra os incr\u00edveis momentos liter\u00e1rios, palestras, atividades culturais e muito mais que o 14\u00ba SALIVAPI tem a oferecer. PALESTRAS EM ATUALIZA\u00c7\u00c3O SEMIN\u00c1RIO DE EDUCA\u00c7\u00c3O Dia 16 &#8211; Quinta \ud83d\uddd3\ufe0f Quinta-feira \u2013 16 de outubro 14h \u2013 Abertura do Semin\u00e1rio de Educa\u00e7\u00e3oAcolhida com Z\u00e9 Nilson 14h30 \u2013 Palestra: \u201cDo tradicional ao digital: a jornada do professor [&hellip;]<\/p>\n","protected":false},"author":1,"featured_media":0,"parent":0,"menu_order":0,"comment_status":"closed","ping_status":"closed","template":"","meta":{"footnotes":""},"class_list":["post-5871","page","type-page","status-publish","hentry"],"yoast_head":"<!-- This site is optimized with the Yoast SEO plugin v26.2 - https:\/\/yoast.com\/wordpress\/plugins\/seo\/ -->\n<title>Programa\u00e7\u00e3o Cultural - 14\u00ba Sal\u00e3o do Livro de Valen\u00e7a do Piau\u00ed - SaLiVa<\/title>\n<meta name=\"robots\" content=\"index, follow, max-snippet:-1, max-image-preview:large, max-video-preview:-1\" \/>\n<link rel=\"canonical\" href=\"https:\/\/salivapi.com.br\/edicao2025\/programacao-cultural-saliva\/\" \/>\n<meta property=\"og:locale\" content=\"pt_BR\" \/>\n<meta property=\"og:type\" content=\"article\" \/>\n<meta property=\"og:title\" content=\"Programa\u00e7\u00e3o Cultural - 14\u00ba Sal\u00e3o do Livro de Valen\u00e7a do Piau\u00ed - SaLiVa\" \/>\n<meta property=\"og:description\" content=\"Descubra os incr\u00edveis momentos liter\u00e1rios, palestras, atividades culturais e muito mais que o 14\u00ba SALIVAPI tem a oferecer. PALESTRAS EM ATUALIZA\u00c7\u00c3O SEMIN\u00c1RIO DE EDUCA\u00c7\u00c3O Dia 16 &#8211; Quinta \ud83d\uddd3\ufe0f Quinta-feira \u2013 16 de outubro 14h \u2013 Abertura do Semin\u00e1rio de Educa\u00e7\u00e3oAcolhida com Z\u00e9 Nilson 14h30 \u2013 Palestra: \u201cDo tradicional ao digital: a jornada do professor [&hellip;]\" \/>\n<meta property=\"og:url\" content=\"https:\/\/salivapi.com.br\/edicao2025\/programacao-cultural-saliva\/\" \/>\n<meta property=\"og:site_name\" content=\"14\u00ba Sal\u00e3o do Livro de Valen\u00e7a do Piau\u00ed - SaLiVa\" \/>\n<meta property=\"article:publisher\" content=\"https:\/\/www.facebook.com\/salaodolivrodopiaui\/\" \/>\n<meta property=\"article:modified_time\" content=\"2025-10-15T12:25:21+00:00\" \/>\n<meta name=\"twitter:card\" content=\"summary_large_image\" \/>\n<meta name=\"twitter:label1\" content=\"Est. tempo de leitura\" \/>\n\t<meta name=\"twitter:data1\" content=\"6 minutos\" \/>\n<script type=\"application\/ld+json\" class=\"yoast-schema-graph\">{\"@context\":\"https:\/\/schema.org\",\"@graph\":[{\"@type\":\"WebPage\",\"@id\":\"https:\/\/salivapi.com.br\/edicao2025\/programacao-cultural-saliva\/\",\"url\":\"https:\/\/salivapi.com.br\/edicao2025\/programacao-cultural-saliva\/\",\"name\":\"Programa\u00e7\u00e3o Cultural - 14\u00ba Sal\u00e3o do Livro de Valen\u00e7a do Piau\u00ed - SaLiVa\",\"isPartOf\":{\"@id\":\"https:\/\/salivapi.com.br\/edicao2025\/#website\"},\"datePublished\":\"2023-11-15T13:20:56+00:00\",\"dateModified\":\"2025-10-15T12:25:21+00:00\",\"breadcrumb\":{\"@id\":\"https:\/\/salivapi.com.br\/edicao2025\/programacao-cultural-saliva\/#breadcrumb\"},\"inLanguage\":\"pt-BR\",\"potentialAction\":[{\"@type\":\"ReadAction\",\"target\":[\"https:\/\/salivapi.com.br\/edicao2025\/programacao-cultural-saliva\/\"]}]},{\"@type\":\"BreadcrumbList\",\"@id\":\"https:\/\/salivapi.com.br\/edicao2025\/programacao-cultural-saliva\/#breadcrumb\",\"itemListElement\":[{\"@type\":\"ListItem\",\"position\":1,\"name\":\"In\u00edcio\",\"item\":\"https:\/\/salivapi.com.br\/edicao2025\/\"},{\"@type\":\"ListItem\",\"position\":2,\"name\":\"Programa\u00e7\u00e3o Cultural\"}]},{\"@type\":\"WebSite\",\"@id\":\"https:\/\/salivapi.com.br\/edicao2025\/#website\",\"url\":\"https:\/\/salivapi.com.br\/edicao2025\/\",\"name\":\"14\u00ba Sal\u00e3o do Livro de Valen\u00e7a do Piau\u00ed - SaLiVa\",\"description\":\"15 a 18 de outubro - Unidade Escolar Santo Ant\u00f4nio \u2013 UESA\",\"publisher\":{\"@id\":\"https:\/\/salivapi.com.br\/edicao2025\/#organization\"},\"potentialAction\":[{\"@type\":\"SearchAction\",\"target\":{\"@type\":\"EntryPoint\",\"urlTemplate\":\"https:\/\/salivapi.com.br\/edicao2025\/?s={search_term_string}\"},\"query-input\":{\"@type\":\"PropertyValueSpecification\",\"valueRequired\":true,\"valueName\":\"search_term_string\"}}],\"inLanguage\":\"pt-BR\"},{\"@type\":\"Organization\",\"@id\":\"https:\/\/salivapi.com.br\/edicao2025\/#organization\",\"name\":\"Sal\u00e3o do Livro de Valen\u00e7a do Piau\u00ed - SaLiVa\",\"url\":\"https:\/\/salivapi.com.br\/edicao2025\/\",\"logo\":{\"@type\":\"ImageObject\",\"inLanguage\":\"pt-BR\",\"@id\":\"https:\/\/salivapi.com.br\/edicao2025\/#\/schema\/logo\/image\/\",\"url\":\"https:\/\/salivapi.com.br\/edicao2025\/wp-content\/uploads\/2021\/10\/logomarca_saliva2022.png\",\"contentUrl\":\"https:\/\/salivapi.com.br\/edicao2025\/wp-content\/uploads\/2021\/10\/logomarca_saliva2022.png\",\"width\":400,\"height\":166,\"caption\":\"Sal\u00e3o do Livro de Valen\u00e7a do Piau\u00ed - SaLiVa\"},\"image\":{\"@id\":\"https:\/\/salivapi.com.br\/edicao2025\/#\/schema\/logo\/image\/\"},\"sameAs\":[\"https:\/\/www.facebook.com\/salaodolivrodopiaui\/\",\"https:\/\/www.instagram.com\/salaodolivrodopiaui\/\"]}]}<\/script>\n<!-- \/ Yoast SEO plugin. -->","yoast_head_json":{"title":"Programa\u00e7\u00e3o Cultural - 14\u00ba Sal\u00e3o do Livro de Valen\u00e7a do Piau\u00ed - SaLiVa","robots":{"index":"index","follow":"follow","max-snippet":"max-snippet:-1","max-image-preview":"max-image-preview:large","max-video-preview":"max-video-preview:-1"},"canonical":"https:\/\/salivapi.com.br\/edicao2025\/programacao-cultural-saliva\/","og_locale":"pt_BR","og_type":"article","og_title":"Programa\u00e7\u00e3o Cultural - 14\u00ba Sal\u00e3o do Livro de Valen\u00e7a do Piau\u00ed - SaLiVa","og_description":"Descubra os incr\u00edveis momentos liter\u00e1rios, palestras, atividades culturais e muito mais que o 14\u00ba SALIVAPI tem a oferecer. PALESTRAS EM ATUALIZA\u00c7\u00c3O SEMIN\u00c1RIO DE EDUCA\u00c7\u00c3O Dia 16 &#8211; Quinta \ud83d\uddd3\ufe0f Quinta-feira \u2013 16 de outubro 14h \u2013 Abertura do Semin\u00e1rio de Educa\u00e7\u00e3oAcolhida com Z\u00e9 Nilson 14h30 \u2013 Palestra: \u201cDo tradicional ao digital: a jornada do professor [&hellip;]","og_url":"https:\/\/salivapi.com.br\/edicao2025\/programacao-cultural-saliva\/","og_site_name":"14\u00ba Sal\u00e3o do Livro de Valen\u00e7a do Piau\u00ed - SaLiVa","article_publisher":"https:\/\/www.facebook.com\/salaodolivrodopiaui\/","article_modified_time":"2025-10-15T12:25:21+00:00","twitter_card":"summary_large_image","twitter_misc":{"Est. tempo de leitura":"6 minutos"},"schema":{"@context":"https:\/\/schema.org","@graph":[{"@type":"WebPage","@id":"https:\/\/salivapi.com.br\/edicao2025\/programacao-cultural-saliva\/","url":"https:\/\/salivapi.com.br\/edicao2025\/programacao-cultural-saliva\/","name":"Programa\u00e7\u00e3o Cultural - 14\u00ba Sal\u00e3o do Livro de Valen\u00e7a do Piau\u00ed - SaLiVa","isPartOf":{"@id":"https:\/\/salivapi.com.br\/edicao2025\/#website"},"datePublished":"2023-11-15T13:20:56+00:00","dateModified":"2025-10-15T12:25:21+00:00","breadcrumb":{"@id":"https:\/\/salivapi.com.br\/edicao2025\/programacao-cultural-saliva\/#breadcrumb"},"inLanguage":"pt-BR","potentialAction":[{"@type":"ReadAction","target":["https:\/\/salivapi.com.br\/edicao2025\/programacao-cultural-saliva\/"]}]},{"@type":"BreadcrumbList","@id":"https:\/\/salivapi.com.br\/edicao2025\/programacao-cultural-saliva\/#breadcrumb","itemListElement":[{"@type":"ListItem","position":1,"name":"In\u00edcio","item":"https:\/\/salivapi.com.br\/edicao2025\/"},{"@type":"ListItem","position":2,"name":"Programa\u00e7\u00e3o Cultural"}]},{"@type":"WebSite","@id":"https:\/\/salivapi.com.br\/edicao2025\/#website","url":"https:\/\/salivapi.com.br\/edicao2025\/","name":"14\u00ba Sal\u00e3o do Livro de Valen\u00e7a do Piau\u00ed - SaLiVa","description":"15 a 18 de outubro - Unidade Escolar Santo Ant\u00f4nio \u2013 UESA","publisher":{"@id":"https:\/\/salivapi.com.br\/edicao2025\/#organization"},"potentialAction":[{"@type":"SearchAction","target":{"@type":"EntryPoint","urlTemplate":"https:\/\/salivapi.com.br\/edicao2025\/?s={search_term_string}"},"query-input":{"@type":"PropertyValueSpecification","valueRequired":true,"valueName":"search_term_string"}}],"inLanguage":"pt-BR"},{"@type":"Organization","@id":"https:\/\/salivapi.com.br\/edicao2025\/#organization","name":"Sal\u00e3o do Livro de Valen\u00e7a do Piau\u00ed - SaLiVa","url":"https:\/\/salivapi.com.br\/edicao2025\/","logo":{"@type":"ImageObject","inLanguage":"pt-BR","@id":"https:\/\/salivapi.com.br\/edicao2025\/#\/schema\/logo\/image\/","url":"https:\/\/salivapi.com.br\/edicao2025\/wp-content\/uploads\/2021\/10\/logomarca_saliva2022.png","contentUrl":"https:\/\/salivapi.com.br\/edicao2025\/wp-content\/uploads\/2021\/10\/logomarca_saliva2022.png","width":400,"height":166,"caption":"Sal\u00e3o do Livro de Valen\u00e7a do Piau\u00ed - SaLiVa"},"image":{"@id":"https:\/\/salivapi.com.br\/edicao2025\/#\/schema\/logo\/image\/"},"sameAs":["https:\/\/www.facebook.com\/salaodolivrodopiaui\/","https:\/\/www.instagram.com\/salaodolivrodopiaui\/"]}]}},"_links":{"self":[{"href":"https:\/\/salivapi.com.br\/edicao2025\/wp-json\/wp\/v2\/pages\/5871","targetHints":{"allow":["GET"]}}],"collection":[{"href":"https:\/\/salivapi.com.br\/edicao2025\/wp-json\/wp\/v2\/pages"}],"about":[{"href":"https:\/\/salivapi.com.br\/edicao2025\/wp-json\/wp\/v2\/types\/page"}],"author":[{"embeddable":true,"href":"https:\/\/salivapi.com.br\/edicao2025\/wp-json\/wp\/v2\/users\/1"}],"replies":[{"embeddable":true,"href":"https:\/\/salivapi.com.br\/edicao2025\/wp-json\/wp\/v2\/comments?post=5871"}],"version-history":[{"count":27,"href":"https:\/\/salivapi.com.br\/edicao2025\/wp-json\/wp\/v2\/pages\/5871\/revisions"}],"predecessor-version":[{"id":7175,"href":"https:\/\/salivapi.com.br\/edicao2025\/wp-json\/wp\/v2\/pages\/5871\/revisions\/7175"}],"wp:attachment":[{"href":"https:\/\/salivapi.com.br\/edicao2025\/wp-json\/wp\/v2\/media?parent=5871"}],"curies":[{"name":"wp","href":"https:\/\/api.w.org\/{rel}","templated":true}]}}