{"id":572,"date":"2021-10-10T15:21:10","date_gmt":"2021-10-10T18:21:10","guid":{"rendered":"https:\/\/salivapi.com.br\/edicao2025\/?page_id=572"},"modified":"2023-11-14T08:31:11","modified_gmt":"2023-11-14T11:31:11","slug":"historia","status":"publish","type":"page","link":"https:\/\/salivapi.com.br\/edicao2025\/historia\/","title":{"rendered":"Hist\u00f3ria"},"content":{"rendered":"\n<h3 class=\"wp-block-heading\"><strong>V\u00e1rios nomes, um \u00fanico prop\u00f3sito: sair do isolamento<\/strong> <strong>cultural atrav\u00e9s do livro e a leitura.<\/strong><\/h3>\n\n\n\n<p>O Sal\u00e3o do Livro de Valen\u00e7a do Piau\u00ed \u2013 SaLiVa(Pi) foi o primeiro filho festivo do SaLiPi (Sal\u00e3o do Livro do Piau\u00ed), evento realizado anualmente desde 2003, em Teresina, capital do Piau\u00ed.<\/p>\n\n\n\n<p>Batizado inicialmente de MiniSaLiPi (MinisSaLiPi) pelos organizadores locais, logo mudou de nome, passando a se chamar SaLiPi Regional de Valen\u00e7a do Piau\u00ed, por sugest\u00e3o dos professores e escritores Luiz Romero Lima e Cineas das Chagas Santos que ficaram vivamente impressionados com o tamanho do evento j\u00e1 naquele ano de 2005. O SaLiVa(Pi) permaneceu com o nome sugerido por Cineas e Romero at\u00e9 2009, quando assumiu uma nova identidade; desta vez por sugest\u00e3o do professor e escritor&nbsp; Wellington de Jesus Soares, um dos integrantes da Funda\u00e7\u00e3o Quixote e entusiasta dos eventos fora do eixo da capital. De SaLiPi Regional de Valen\u00e7a do Piau\u00ed o evento passou a se chamar SaLiVa (Sal\u00e3o do Livro de Valen\u00e7a), a fim de caracterizar a cidade que o organiza. E assim permaneceu at\u00e9 2010. Em 2011, quando deixou de ser realizado, por falta de apoio institucional e privado, j\u00e1 se cogitava uma nova mudan\u00e7a no nome do SaLiVa, devido \u00e0s in\u00fameras sugest\u00f5es vindas, sobretudo, do p\u00fablico \u2013 presen\u00e7a cativa em todas as edi\u00e7\u00f5es do evento. Depois de quase cinco anos sem ser realizado, o evento renasceu com a Fenix, ainda com o nome de SaLiVa. Contudo, j\u00e1 est\u00e1 certo que o argumento do p\u00fablico ser\u00e1 acatado e, se as condi\u00e7\u00f5es forem favor\u00e1veis, em 2016, ser\u00e1 sacramentado o nome de SaLiVaPi. Afinal n\u00e3o existe apenas uma Valen\u00e7a no Brasil, pelo menos duas outras h\u00e1: uma na Bahia \u2013 primeiro centro administrativo e cultural do pa\u00eds, e outra no Rio de Janeiro \u2013 o segundo e eterno centro cultural e administrativo desde a \u00e9poca colonial. Por tudo isso, \u00e9 imprescind\u00edvel acrescentar a iniciais \u201cPi\u201d j\u00e1 que a cidade piauiense \u00e9 batizada como Valen\u00e7a do Piau\u00ed.<\/p>\n\n\n\n<p>Ao longo de seis edi\u00e7\u00f5es foi ineg\u00e1vel o sucesso retumbante do evento. Considerado, hoje, uma das maiores feiras liter\u00e1rias do Piau\u00ed, o SaLiVa, agrega muito valores culturais, n\u00e3o se limitando apenas \u00e0 exposi\u00e7\u00e3o de livros e um circuito de palestras. O evento \u00e9 multicultural e promove dezenas de atividades gratuitas para p\u00fablicos de todas as faixas et\u00e1rias por meio de uma programa\u00e7\u00e3o cultural rica e ecl\u00e9tica, que envolve escritores, ilustradores, mediadores da leitura, contadores de hist\u00f3rias, m\u00fasicos, escultores, entre outros convidados.<\/p>\n\n\n\n<p>A primeira edi\u00e7\u00e3o do SaLiVa foi organizada em 2005 por estudantes universit\u00e1rios e alguns poucos professores que haviam criado a Associa\u00e7\u00e3o de Diletantes da Cultura Hist\u00f3rica Valenciana \u2013 ADICH, e pela Funda\u00e7\u00e3o Quixote. A ADICH, embora tendo enfrentado grandes dificuldades se mant\u00e9m viva at\u00e9 hoje com o proposito de promover a cultura local e piauiense com intuito de torna-las mais acess\u00edveis n\u00e3o s\u00f3 a p\u00fablico do Piau\u00ed, mas de todo o Brasil e do mundo.<\/p>\n\n\n\n<p>O objetivo dos organizadores era popularizar o livro e a leitura, atrav\u00e9s de atividades socioculturais diversas, j\u00e1 que cidade n\u00e3o disp\u00f5e de livrarias e as poucas bibliotecas \u2013 em sua maioria, restritas ao ambiente escolar, eram espa\u00e7os inexplorados.<\/p>\n\n\n\n<p>Ao longo de mais de uma d\u00e9cada, pois j\u00e1 \u00e9ramos para estar realizando a 12\u00aa edi\u00e7\u00e3o do evento, esse sonho continuou martelando as mentes daqueles que abra\u00e7aram a causa e continuaram lutando contra moinhos de ventos para tornar o futuro SaLiVaPi como a melhor alternativa cultural de uma microrregi\u00e3o que congrega 14 munic\u00edpios e uma popula\u00e7\u00e3o de mais de 100 mil habitantes.<\/p>\n","protected":false},"excerpt":{"rendered":"<p>V\u00e1rios nomes, um \u00fanico prop\u00f3sito: sair do isolamento cultural atrav\u00e9s do livro e a leitura. O Sal\u00e3o do Livro de Valen\u00e7a do Piau\u00ed \u2013 SaLiVa(Pi) foi o primeiro filho festivo do SaLiPi (Sal\u00e3o do Livro do Piau\u00ed), evento realizado anualmente desde 2003, em Teresina, capital do Piau\u00ed. Batizado inicialmente de MiniSaLiPi (MinisSaLiPi) pelos organizadores locais, [&hellip;]<\/p>\n","protected":false},"author":1,"featured_media":0,"parent":0,"menu_order":0,"comment_status":"closed","ping_status":"closed","template":"","meta":{"footnotes":""},"class_list":["post-572","page","type-page","status-publish","hentry"],"yoast_head":"<!-- This site is optimized with the Yoast SEO plugin v26.2 - https:\/\/yoast.com\/wordpress\/plugins\/seo\/ -->\n<title>Hist\u00f3ria - 14\u00ba Sal\u00e3o do Livro de Valen\u00e7a do Piau\u00ed - SaLiVa<\/title>\n<meta name=\"robots\" content=\"index, follow, max-snippet:-1, max-image-preview:large, max-video-preview:-1\" \/>\n<link rel=\"canonical\" href=\"https:\/\/salivapi.com.br\/edicao2025\/historia\/\" \/>\n<meta property=\"og:locale\" content=\"pt_BR\" \/>\n<meta property=\"og:type\" content=\"article\" \/>\n<meta property=\"og:title\" content=\"Hist\u00f3ria - 14\u00ba Sal\u00e3o do Livro de Valen\u00e7a do Piau\u00ed - SaLiVa\" \/>\n<meta property=\"og:description\" content=\"V\u00e1rios nomes, um \u00fanico prop\u00f3sito: sair do isolamento cultural atrav\u00e9s do livro e a leitura. O Sal\u00e3o do Livro de Valen\u00e7a do Piau\u00ed \u2013 SaLiVa(Pi) foi o primeiro filho festivo do SaLiPi (Sal\u00e3o do Livro do Piau\u00ed), evento realizado anualmente desde 2003, em Teresina, capital do Piau\u00ed. Batizado inicialmente de MiniSaLiPi (MinisSaLiPi) pelos organizadores locais, [&hellip;]\" \/>\n<meta property=\"og:url\" content=\"https:\/\/salivapi.com.br\/edicao2025\/historia\/\" \/>\n<meta property=\"og:site_name\" content=\"14\u00ba Sal\u00e3o do Livro de Valen\u00e7a do Piau\u00ed - SaLiVa\" \/>\n<meta property=\"article:publisher\" content=\"https:\/\/www.facebook.com\/salaodolivrodopiaui\/\" \/>\n<meta property=\"article:modified_time\" content=\"2023-11-14T11:31:11+00:00\" \/>\n<meta name=\"twitter:card\" content=\"summary_large_image\" \/>\n<meta name=\"twitter:label1\" content=\"Est. tempo de leitura\" \/>\n\t<meta name=\"twitter:data1\" content=\"4 minutos\" \/>\n<script type=\"application\/ld+json\" class=\"yoast-schema-graph\">{\"@context\":\"https:\/\/schema.org\",\"@graph\":[{\"@type\":\"WebPage\",\"@id\":\"https:\/\/salivapi.com.br\/edicao2025\/historia\/\",\"url\":\"https:\/\/salivapi.com.br\/edicao2025\/historia\/\",\"name\":\"Hist\u00f3ria - 14\u00ba Sal\u00e3o do Livro de Valen\u00e7a do Piau\u00ed - SaLiVa\",\"isPartOf\":{\"@id\":\"https:\/\/salivapi.com.br\/edicao2025\/#website\"},\"datePublished\":\"2021-10-10T18:21:10+00:00\",\"dateModified\":\"2023-11-14T11:31:11+00:00\",\"breadcrumb\":{\"@id\":\"https:\/\/salivapi.com.br\/edicao2025\/historia\/#breadcrumb\"},\"inLanguage\":\"pt-BR\",\"potentialAction\":[{\"@type\":\"ReadAction\",\"target\":[\"https:\/\/salivapi.com.br\/edicao2025\/historia\/\"]}]},{\"@type\":\"BreadcrumbList\",\"@id\":\"https:\/\/salivapi.com.br\/edicao2025\/historia\/#breadcrumb\",\"itemListElement\":[{\"@type\":\"ListItem\",\"position\":1,\"name\":\"In\u00edcio\",\"item\":\"https:\/\/salivapi.com.br\/edicao2025\/\"},{\"@type\":\"ListItem\",\"position\":2,\"name\":\"Hist\u00f3ria\"}]},{\"@type\":\"WebSite\",\"@id\":\"https:\/\/salivapi.com.br\/edicao2025\/#website\",\"url\":\"https:\/\/salivapi.com.br\/edicao2025\/\",\"name\":\"14\u00ba Sal\u00e3o do Livro de Valen\u00e7a do Piau\u00ed - SaLiVa\",\"description\":\"15 a 18 de outubro - Unidade Escolar Santo Ant\u00f4nio \u2013 UESA\",\"publisher\":{\"@id\":\"https:\/\/salivapi.com.br\/edicao2025\/#organization\"},\"potentialAction\":[{\"@type\":\"SearchAction\",\"target\":{\"@type\":\"EntryPoint\",\"urlTemplate\":\"https:\/\/salivapi.com.br\/edicao2025\/?s={search_term_string}\"},\"query-input\":{\"@type\":\"PropertyValueSpecification\",\"valueRequired\":true,\"valueName\":\"search_term_string\"}}],\"inLanguage\":\"pt-BR\"},{\"@type\":\"Organization\",\"@id\":\"https:\/\/salivapi.com.br\/edicao2025\/#organization\",\"name\":\"Sal\u00e3o do Livro de Valen\u00e7a do Piau\u00ed - SaLiVa\",\"url\":\"https:\/\/salivapi.com.br\/edicao2025\/\",\"logo\":{\"@type\":\"ImageObject\",\"inLanguage\":\"pt-BR\",\"@id\":\"https:\/\/salivapi.com.br\/edicao2025\/#\/schema\/logo\/image\/\",\"url\":\"https:\/\/salivapi.com.br\/edicao2025\/wp-content\/uploads\/2021\/10\/logomarca_saliva2022.png\",\"contentUrl\":\"https:\/\/salivapi.com.br\/edicao2025\/wp-content\/uploads\/2021\/10\/logomarca_saliva2022.png\",\"width\":400,\"height\":166,\"caption\":\"Sal\u00e3o do Livro de Valen\u00e7a do Piau\u00ed - SaLiVa\"},\"image\":{\"@id\":\"https:\/\/salivapi.com.br\/edicao2025\/#\/schema\/logo\/image\/\"},\"sameAs\":[\"https:\/\/www.facebook.com\/salaodolivrodopiaui\/\",\"https:\/\/www.instagram.com\/salaodolivrodopiaui\/\"]}]}<\/script>\n<!-- \/ Yoast SEO plugin. -->","yoast_head_json":{"title":"Hist\u00f3ria - 14\u00ba Sal\u00e3o do Livro de Valen\u00e7a do Piau\u00ed - SaLiVa","robots":{"index":"index","follow":"follow","max-snippet":"max-snippet:-1","max-image-preview":"max-image-preview:large","max-video-preview":"max-video-preview:-1"},"canonical":"https:\/\/salivapi.com.br\/edicao2025\/historia\/","og_locale":"pt_BR","og_type":"article","og_title":"Hist\u00f3ria - 14\u00ba Sal\u00e3o do Livro de Valen\u00e7a do Piau\u00ed - SaLiVa","og_description":"V\u00e1rios nomes, um \u00fanico prop\u00f3sito: sair do isolamento cultural atrav\u00e9s do livro e a leitura. O Sal\u00e3o do Livro de Valen\u00e7a do Piau\u00ed \u2013 SaLiVa(Pi) foi o primeiro filho festivo do SaLiPi (Sal\u00e3o do Livro do Piau\u00ed), evento realizado anualmente desde 2003, em Teresina, capital do Piau\u00ed. Batizado inicialmente de MiniSaLiPi (MinisSaLiPi) pelos organizadores locais, [&hellip;]","og_url":"https:\/\/salivapi.com.br\/edicao2025\/historia\/","og_site_name":"14\u00ba Sal\u00e3o do Livro de Valen\u00e7a do Piau\u00ed - SaLiVa","article_publisher":"https:\/\/www.facebook.com\/salaodolivrodopiaui\/","article_modified_time":"2023-11-14T11:31:11+00:00","twitter_card":"summary_large_image","twitter_misc":{"Est. tempo de leitura":"4 minutos"},"schema":{"@context":"https:\/\/schema.org","@graph":[{"@type":"WebPage","@id":"https:\/\/salivapi.com.br\/edicao2025\/historia\/","url":"https:\/\/salivapi.com.br\/edicao2025\/historia\/","name":"Hist\u00f3ria - 14\u00ba Sal\u00e3o do Livro de Valen\u00e7a do Piau\u00ed - SaLiVa","isPartOf":{"@id":"https:\/\/salivapi.com.br\/edicao2025\/#website"},"datePublished":"2021-10-10T18:21:10+00:00","dateModified":"2023-11-14T11:31:11+00:00","breadcrumb":{"@id":"https:\/\/salivapi.com.br\/edicao2025\/historia\/#breadcrumb"},"inLanguage":"pt-BR","potentialAction":[{"@type":"ReadAction","target":["https:\/\/salivapi.com.br\/edicao2025\/historia\/"]}]},{"@type":"BreadcrumbList","@id":"https:\/\/salivapi.com.br\/edicao2025\/historia\/#breadcrumb","itemListElement":[{"@type":"ListItem","position":1,"name":"In\u00edcio","item":"https:\/\/salivapi.com.br\/edicao2025\/"},{"@type":"ListItem","position":2,"name":"Hist\u00f3ria"}]},{"@type":"WebSite","@id":"https:\/\/salivapi.com.br\/edicao2025\/#website","url":"https:\/\/salivapi.com.br\/edicao2025\/","name":"14\u00ba Sal\u00e3o do Livro de Valen\u00e7a do Piau\u00ed - SaLiVa","description":"15 a 18 de outubro - Unidade Escolar Santo Ant\u00f4nio \u2013 UESA","publisher":{"@id":"https:\/\/salivapi.com.br\/edicao2025\/#organization"},"potentialAction":[{"@type":"SearchAction","target":{"@type":"EntryPoint","urlTemplate":"https:\/\/salivapi.com.br\/edicao2025\/?s={search_term_string}"},"query-input":{"@type":"PropertyValueSpecification","valueRequired":true,"valueName":"search_term_string"}}],"inLanguage":"pt-BR"},{"@type":"Organization","@id":"https:\/\/salivapi.com.br\/edicao2025\/#organization","name":"Sal\u00e3o do Livro de Valen\u00e7a do Piau\u00ed - SaLiVa","url":"https:\/\/salivapi.com.br\/edicao2025\/","logo":{"@type":"ImageObject","inLanguage":"pt-BR","@id":"https:\/\/salivapi.com.br\/edicao2025\/#\/schema\/logo\/image\/","url":"https:\/\/salivapi.com.br\/edicao2025\/wp-content\/uploads\/2021\/10\/logomarca_saliva2022.png","contentUrl":"https:\/\/salivapi.com.br\/edicao2025\/wp-content\/uploads\/2021\/10\/logomarca_saliva2022.png","width":400,"height":166,"caption":"Sal\u00e3o do Livro de Valen\u00e7a do Piau\u00ed - SaLiVa"},"image":{"@id":"https:\/\/salivapi.com.br\/edicao2025\/#\/schema\/logo\/image\/"},"sameAs":["https:\/\/www.facebook.com\/salaodolivrodopiaui\/","https:\/\/www.instagram.com\/salaodolivrodopiaui\/"]}]}},"_links":{"self":[{"href":"https:\/\/salivapi.com.br\/edicao2025\/wp-json\/wp\/v2\/pages\/572","targetHints":{"allow":["GET"]}}],"collection":[{"href":"https:\/\/salivapi.com.br\/edicao2025\/wp-json\/wp\/v2\/pages"}],"about":[{"href":"https:\/\/salivapi.com.br\/edicao2025\/wp-json\/wp\/v2\/types\/page"}],"author":[{"embeddable":true,"href":"https:\/\/salivapi.com.br\/edicao2025\/wp-json\/wp\/v2\/users\/1"}],"replies":[{"embeddable":true,"href":"https:\/\/salivapi.com.br\/edicao2025\/wp-json\/wp\/v2\/comments?post=572"}],"version-history":[{"count":0,"href":"https:\/\/salivapi.com.br\/edicao2025\/wp-json\/wp\/v2\/pages\/572\/revisions"}],"wp:attachment":[{"href":"https:\/\/salivapi.com.br\/edicao2025\/wp-json\/wp\/v2\/media?parent=572"}],"curies":[{"name":"wp","href":"https:\/\/api.w.org\/{rel}","templated":true}]}}