{"id":1870,"date":"2021-12-06T22:56:24","date_gmt":"2021-12-07T01:56:24","guid":{"rendered":"https:\/\/salivapi.com.br\/edicao2023\/?page_id=1870"},"modified":"2024-05-03T05:14:35","modified_gmt":"2024-05-03T08:14:35","slug":"area-do-participante","status":"publish","type":"page","link":"https:\/\/salivapi.com.br\/edicao2023\/area-do-participante\/","title":{"rendered":"\u00c1rea do Participante"},"content":{"rendered":"\t\t<div data-elementor-type=\"wp-page\" data-elementor-id=\"1870\" class=\"elementor elementor-1870\" data-elementor-post-type=\"page\">\n\t\t\t\t<div class=\"elementor-element elementor-element-5ea5bed e-flex e-con-boxed e-con e-parent\" data-id=\"5ea5bed\" data-element_type=\"container\">\n\t\t\t\t\t<div class=\"e-con-inner\">\n\t\t<div class=\"elementor-element elementor-element-0fcd61c e-flex e-con-boxed e-con e-child\" data-id=\"0fcd61c\" data-element_type=\"container\">\n\t\t\t\t\t<div class=\"e-con-inner\">\n\t\t<div class=\"elementor-element elementor-element-c26da9b e-con-full e-flex e-con e-child\" data-id=\"c26da9b\" data-element_type=\"container\">\n\t\t\t\t<div class=\"elementor-element elementor-element-d662803 elementor-widget elementor-widget-text-editor\" data-id=\"d662803\" data-element_type=\"widget\" data-widget_type=\"text-editor.default\">\n\t\t\t\t<div class=\"elementor-widget-container\">\n\t\t\t\t\t\t\t\t\t<p>Bem-vindo \u00e0 p\u00e1gina de impress\u00e3o do certificado do Sal\u00e3o do Livro de Valen\u00e7a do Piau\u00ed \u2013 SaLiVa. O evento, que chega \u00e0 sua d\u00e9cima terceira edi\u00e7\u00e3o em 2023, \u00e9 uma realiza\u00e7\u00e3o da Funda\u00e7\u00e3o Quixote, da Associa\u00e7\u00e3o de Diletantes da Cultura Hist\u00f3rica Valenciana (ADICH), da Universidade Federal do Piau\u00ed (UFPI), da Secretaria Municipal de Educa\u00e7\u00e3o e do Instituto Federal do Piau\u00ed \u2013 IFPI \u2013 Campus de Valen\u00e7a do Piau\u00ed. Juntos, reafirmamos nosso compromisso inadi\u00e1vel com o acesso democr\u00e1tico ao livro e \u00e0 leitura.<\/p><p>Aqui, voc\u00ea pode imprimir seu certificado de participa\u00e7\u00e3o no evento, que reconhece sua dedica\u00e7\u00e3o e envolvimento. Por favor, insira seus dados nos campos abaixo.<\/p>\t\t\t\t\t\t\t\t<\/div>\n\t\t\t\t<\/div>\n\t\t\t\t<\/div>\n\t\t\t\t\t<\/div>\n\t\t\t\t<\/div>\n\t\t\t\t<div class=\"elementor-element elementor-element-67482be elementor-widget__width-inherit elementor-widget elementor-widget-html\" data-id=\"67482be\" data-element_type=\"widget\" data-widget_type=\"html.default\">\n\t\t\t\t<div class=\"elementor-widget-container\">\n\t\t\t\t\t<iframe id=\"ida07872140c146b4afa27103892a7439\" src=\"https:\/\/web.eventogyn.com.br\/event\/saliva2023\/attendee\" scrolling=\"no\" style=\"border: 0px; max-width: 100%; width: 100%;\"><\/iframe>\r\n<script src=\"https:\/\/web.eventogyn.com.br\/node_modules\/iframe-resizer\/js\/iframeResizer.min.js?2.61.11\"><\/script>\r\n<script>iFrameResize({ log: true }, \"#ida07872140c146b4afa27103892a7439\")<\/script>\r\n\t\t\t\t<\/div>\n\t\t\t\t<\/div>\n\t\t\t\t\t<\/div>\n\t\t\t\t<\/div>\n\t\t\t\t<\/div>\n\t\t","protected":false},"excerpt":{"rendered":"<p>Bem-vindo \u00e0 p\u00e1gina de impress\u00e3o do certificado do Sal\u00e3o do Livro de Valen\u00e7a do Piau\u00ed \u2013 SaLiVa. O evento, que chega \u00e0 sua d\u00e9cima terceira edi\u00e7\u00e3o em 2023, \u00e9 uma realiza\u00e7\u00e3o da Funda\u00e7\u00e3o Quixote, da Associa\u00e7\u00e3o de Diletantes da Cultura Hist\u00f3rica Valenciana (ADICH), da Universidade Federal do Piau\u00ed (UFPI), da Secretaria Municipal de Educa\u00e7\u00e3o e [&hellip;]<\/p>\n","protected":false},"author":1,"featured_media":0,"parent":0,"menu_order":0,"comment_status":"closed","ping_status":"closed","template":"","meta":{"footnotes":""},"class_list":["post-1870","page","type-page","status-publish","hentry"],"yoast_head":"<!-- This site is optimized with the Yoast SEO plugin v26.1.1 - https:\/\/yoast.com\/wordpress\/plugins\/seo\/ -->\n<title>\u00c1rea do Participante - 13\u00ba Sal\u00e3o do Livro de Valen\u00e7a do Piau\u00ed - SaLiVa<\/title>\n<meta name=\"robots\" content=\"index, follow, max-snippet:-1, max-image-preview:large, max-video-preview:-1\" \/>\n<link rel=\"canonical\" href=\"https:\/\/salivapi.com.br\/edicao2023\/area-do-participante\/\" \/>\n<meta property=\"og:locale\" content=\"pt_BR\" \/>\n<meta property=\"og:type\" content=\"article\" \/>\n<meta property=\"og:title\" content=\"\u00c1rea do Participante - 13\u00ba Sal\u00e3o do Livro de Valen\u00e7a do Piau\u00ed - SaLiVa\" \/>\n<meta property=\"og:description\" content=\"Bem-vindo \u00e0 p\u00e1gina de impress\u00e3o do certificado do Sal\u00e3o do Livro de Valen\u00e7a do Piau\u00ed \u2013 SaLiVa. O evento, que chega \u00e0 sua d\u00e9cima terceira edi\u00e7\u00e3o em 2023, \u00e9 uma realiza\u00e7\u00e3o da Funda\u00e7\u00e3o Quixote, da Associa\u00e7\u00e3o de Diletantes da Cultura Hist\u00f3rica Valenciana (ADICH), da Universidade Federal do Piau\u00ed (UFPI), da Secretaria Municipal de Educa\u00e7\u00e3o e [&hellip;]\" \/>\n<meta property=\"og:url\" content=\"https:\/\/salivapi.com.br\/edicao2023\/area-do-participante\/\" \/>\n<meta property=\"og:site_name\" content=\"13\u00ba Sal\u00e3o do Livro de Valen\u00e7a do Piau\u00ed - SaLiVa\" \/>\n<meta property=\"article:publisher\" content=\"https:\/\/www.facebook.com\/salaodolivrodopiaui\/\" \/>\n<meta property=\"article:modified_time\" content=\"2024-05-03T08:14:35+00:00\" \/>\n<meta name=\"twitter:card\" content=\"summary_large_image\" \/>\n<meta name=\"twitter:label1\" content=\"Est. tempo de leitura\" \/>\n\t<meta name=\"twitter:data1\" content=\"1 minuto\" \/>\n<script type=\"application\/ld+json\" class=\"yoast-schema-graph\">{\"@context\":\"https:\/\/schema.org\",\"@graph\":[{\"@type\":\"WebPage\",\"@id\":\"https:\/\/salivapi.com.br\/edicao2023\/area-do-participante\/\",\"url\":\"https:\/\/salivapi.com.br\/edicao2023\/area-do-participante\/\",\"name\":\"\u00c1rea do Participante - 13\u00ba Sal\u00e3o do Livro de Valen\u00e7a do Piau\u00ed - SaLiVa\",\"isPartOf\":{\"@id\":\"https:\/\/salivapi.com.br\/edicao2023\/#website\"},\"datePublished\":\"2021-12-07T01:56:24+00:00\",\"dateModified\":\"2024-05-03T08:14:35+00:00\",\"breadcrumb\":{\"@id\":\"https:\/\/salivapi.com.br\/edicao2023\/area-do-participante\/#breadcrumb\"},\"inLanguage\":\"pt-BR\",\"potentialAction\":[{\"@type\":\"ReadAction\",\"target\":[\"https:\/\/salivapi.com.br\/edicao2023\/area-do-participante\/\"]}]},{\"@type\":\"BreadcrumbList\",\"@id\":\"https:\/\/salivapi.com.br\/edicao2023\/area-do-participante\/#breadcrumb\",\"itemListElement\":[{\"@type\":\"ListItem\",\"position\":1,\"name\":\"In\u00edcio\",\"item\":\"https:\/\/salivapi.com.br\/edicao2023\/\"},{\"@type\":\"ListItem\",\"position\":2,\"name\":\"\u00c1rea do Participante\"}]},{\"@type\":\"WebSite\",\"@id\":\"https:\/\/salivapi.com.br\/edicao2023\/#website\",\"url\":\"https:\/\/salivapi.com.br\/edicao2023\/\",\"name\":\"13\u00ba Sal\u00e3o do Livro de Valen\u00e7a do Piau\u00ed - SaLiVa\",\"description\":\"14 a 17 de setembro - Unidade Escolar Santo Ant\u00f4nio \u2013 UESA\",\"publisher\":{\"@id\":\"https:\/\/salivapi.com.br\/edicao2023\/#organization\"},\"potentialAction\":[{\"@type\":\"SearchAction\",\"target\":{\"@type\":\"EntryPoint\",\"urlTemplate\":\"https:\/\/salivapi.com.br\/edicao2023\/?s={search_term_string}\"},\"query-input\":{\"@type\":\"PropertyValueSpecification\",\"valueRequired\":true,\"valueName\":\"search_term_string\"}}],\"inLanguage\":\"pt-BR\"},{\"@type\":\"Organization\",\"@id\":\"https:\/\/salivapi.com.br\/edicao2023\/#organization\",\"name\":\"Sal\u00e3o do Livro de Valen\u00e7a do Piau\u00ed - SaLiVa\",\"url\":\"https:\/\/salivapi.com.br\/edicao2023\/\",\"logo\":{\"@type\":\"ImageObject\",\"inLanguage\":\"pt-BR\",\"@id\":\"https:\/\/salivapi.com.br\/edicao2023\/#\/schema\/logo\/image\/\",\"url\":\"https:\/\/salivapi.com.br\/edicao2023\/wp-content\/uploads\/2021\/10\/logomarca_saliva2022.png\",\"contentUrl\":\"https:\/\/salivapi.com.br\/edicao2023\/wp-content\/uploads\/2021\/10\/logomarca_saliva2022.png\",\"width\":400,\"height\":166,\"caption\":\"Sal\u00e3o do Livro de Valen\u00e7a do Piau\u00ed - SaLiVa\"},\"image\":{\"@id\":\"https:\/\/salivapi.com.br\/edicao2023\/#\/schema\/logo\/image\/\"},\"sameAs\":[\"https:\/\/www.facebook.com\/salaodolivrodopiaui\/\",\"https:\/\/www.instagram.com\/salaodolivrodopiaui\/\"]}]}<\/script>\n<!-- \/ Yoast SEO plugin. -->","yoast_head_json":{"title":"\u00c1rea do Participante - 13\u00ba Sal\u00e3o do Livro de Valen\u00e7a do Piau\u00ed - SaLiVa","robots":{"index":"index","follow":"follow","max-snippet":"max-snippet:-1","max-image-preview":"max-image-preview:large","max-video-preview":"max-video-preview:-1"},"canonical":"https:\/\/salivapi.com.br\/edicao2023\/area-do-participante\/","og_locale":"pt_BR","og_type":"article","og_title":"\u00c1rea do Participante - 13\u00ba Sal\u00e3o do Livro de Valen\u00e7a do Piau\u00ed - SaLiVa","og_description":"Bem-vindo \u00e0 p\u00e1gina de impress\u00e3o do certificado do Sal\u00e3o do Livro de Valen\u00e7a do Piau\u00ed \u2013 SaLiVa. O evento, que chega \u00e0 sua d\u00e9cima terceira edi\u00e7\u00e3o em 2023, \u00e9 uma realiza\u00e7\u00e3o da Funda\u00e7\u00e3o Quixote, da Associa\u00e7\u00e3o de Diletantes da Cultura Hist\u00f3rica Valenciana (ADICH), da Universidade Federal do Piau\u00ed (UFPI), da Secretaria Municipal de Educa\u00e7\u00e3o e [&hellip;]","og_url":"https:\/\/salivapi.com.br\/edicao2023\/area-do-participante\/","og_site_name":"13\u00ba Sal\u00e3o do Livro de Valen\u00e7a do Piau\u00ed - SaLiVa","article_publisher":"https:\/\/www.facebook.com\/salaodolivrodopiaui\/","article_modified_time":"2024-05-03T08:14:35+00:00","twitter_card":"summary_large_image","twitter_misc":{"Est. tempo de leitura":"1 minuto"},"schema":{"@context":"https:\/\/schema.org","@graph":[{"@type":"WebPage","@id":"https:\/\/salivapi.com.br\/edicao2023\/area-do-participante\/","url":"https:\/\/salivapi.com.br\/edicao2023\/area-do-participante\/","name":"\u00c1rea do Participante - 13\u00ba Sal\u00e3o do Livro de Valen\u00e7a do Piau\u00ed - SaLiVa","isPartOf":{"@id":"https:\/\/salivapi.com.br\/edicao2023\/#website"},"datePublished":"2021-12-07T01:56:24+00:00","dateModified":"2024-05-03T08:14:35+00:00","breadcrumb":{"@id":"https:\/\/salivapi.com.br\/edicao2023\/area-do-participante\/#breadcrumb"},"inLanguage":"pt-BR","potentialAction":[{"@type":"ReadAction","target":["https:\/\/salivapi.com.br\/edicao2023\/area-do-participante\/"]}]},{"@type":"BreadcrumbList","@id":"https:\/\/salivapi.com.br\/edicao2023\/area-do-participante\/#breadcrumb","itemListElement":[{"@type":"ListItem","position":1,"name":"In\u00edcio","item":"https:\/\/salivapi.com.br\/edicao2023\/"},{"@type":"ListItem","position":2,"name":"\u00c1rea do Participante"}]},{"@type":"WebSite","@id":"https:\/\/salivapi.com.br\/edicao2023\/#website","url":"https:\/\/salivapi.com.br\/edicao2023\/","name":"13\u00ba Sal\u00e3o do Livro de Valen\u00e7a do Piau\u00ed - SaLiVa","description":"14 a 17 de setembro - Unidade Escolar Santo Ant\u00f4nio \u2013 UESA","publisher":{"@id":"https:\/\/salivapi.com.br\/edicao2023\/#organization"},"potentialAction":[{"@type":"SearchAction","target":{"@type":"EntryPoint","urlTemplate":"https:\/\/salivapi.com.br\/edicao2023\/?s={search_term_string}"},"query-input":{"@type":"PropertyValueSpecification","valueRequired":true,"valueName":"search_term_string"}}],"inLanguage":"pt-BR"},{"@type":"Organization","@id":"https:\/\/salivapi.com.br\/edicao2023\/#organization","name":"Sal\u00e3o do Livro de Valen\u00e7a do Piau\u00ed - SaLiVa","url":"https:\/\/salivapi.com.br\/edicao2023\/","logo":{"@type":"ImageObject","inLanguage":"pt-BR","@id":"https:\/\/salivapi.com.br\/edicao2023\/#\/schema\/logo\/image\/","url":"https:\/\/salivapi.com.br\/edicao2023\/wp-content\/uploads\/2021\/10\/logomarca_saliva2022.png","contentUrl":"https:\/\/salivapi.com.br\/edicao2023\/wp-content\/uploads\/2021\/10\/logomarca_saliva2022.png","width":400,"height":166,"caption":"Sal\u00e3o do Livro de Valen\u00e7a do Piau\u00ed - SaLiVa"},"image":{"@id":"https:\/\/salivapi.com.br\/edicao2023\/#\/schema\/logo\/image\/"},"sameAs":["https:\/\/www.facebook.com\/salaodolivrodopiaui\/","https:\/\/www.instagram.com\/salaodolivrodopiaui\/"]}]}},"_links":{"self":[{"href":"https:\/\/salivapi.com.br\/edicao2023\/wp-json\/wp\/v2\/pages\/1870","targetHints":{"allow":["GET"]}}],"collection":[{"href":"https:\/\/salivapi.com.br\/edicao2023\/wp-json\/wp\/v2\/pages"}],"about":[{"href":"https:\/\/salivapi.com.br\/edicao2023\/wp-json\/wp\/v2\/types\/page"}],"author":[{"embeddable":true,"href":"https:\/\/salivapi.com.br\/edicao2023\/wp-json\/wp\/v2\/users\/1"}],"replies":[{"embeddable":true,"href":"https:\/\/salivapi.com.br\/edicao2023\/wp-json\/wp\/v2\/comments?post=1870"}],"version-history":[{"count":31,"href":"https:\/\/salivapi.com.br\/edicao2023\/wp-json\/wp\/v2\/pages\/1870\/revisions"}],"predecessor-version":[{"id":6955,"href":"https:\/\/salivapi.com.br\/edicao2023\/wp-json\/wp\/v2\/pages\/1870\/revisions\/6955"}],"wp:attachment":[{"href":"https:\/\/salivapi.com.br\/edicao2023\/wp-json\/wp\/v2\/media?parent=1870"}],"curies":[{"name":"wp","href":"https:\/\/api.w.org\/{rel}","templated":true}]}}